{"id":18,"date":"2020-12-14T20:33:18","date_gmt":"2020-12-14T20:33:18","guid":{"rendered":"http:\/\/islamvakti.net\/support\/knowledge-base\/"},"modified":"2020-12-14T20:33:44","modified_gmt":"2020-12-14T20:33:44","slug":"kb","status":"publish","type":"page","link":"https:\/\/islamvakti.com\/support\/","title":{"rendered":"\u0130slam Vakti"},"content":{"rendered":"\r\n\t\t<div id=\"epkb-main-page-container\" class=\"epkb-css-full-reset epkb-basic-template\">\r\n\t\t\t<div class=\"epkb-full\">  \r\n\t\t<script>\r\n\t\t\tvar ajaxurl = 'https:\/\/islamvakti.com\/support\/wp-admin\/admin-ajax.php';\r\n\t\t<\/script>   \r\n\t\t<div class=\"epkb-doc-search-container \" style=\"background-color: #f7941d; padding-top: 20px; padding-right: 0px; padding-bottom: 20px; padding-left: 0px; margin-top: 0px; margin-bottom: 40px;\" >\r\n\r\n\t\t\t<h2 class=\"epkb-doc-search-container__title\" style=\"color: #FFFFFF; font-size: 36px;\"> How Can We Help?<\/h2>\r\n\t\t\t<form id=\"epkb_search_form\" style=\"width: 50%;\" class=\"epkb-search epkb-search-form-1\" method=\"get\" action=\"\">\r\n\r\n\t\t\t\t<div class=\"epkb-search-box\">\r\n\t\t\t\t\t<input type=\"text\" style=\"border-width: 1px; border-color: #CCCCCC; background-color: #FFFFFF; background: #FFFFFF;\" id=\"epkb_search_terms\" aria-label=\"Search the documentation...\" name=\"epkb_search_terms\" value=\"\" placeholder=\"Search the documentation...\" \/>\r\n\t\t\t\t\t<input type=\"hidden\" id=\"epkb_kb_id\" value=\"1\"\/>\r\n\t\t\t\t\t<div class=\"epkb-search-box_button-wrap\">\r\n\t\t\t\t\t\t<button type=\"submit\" id=\"epkb-search-kb\" style=\"background-color: #40474f; background: #40474f; border-width: 1px; border-color: #F1F1F1;\">Search <\/button>\r\n\t\t\t\t\t<\/div>\r\n\t\t\t\t\t<div class=\"loading-spinner\"><\/div>\r\n\t\t\t\t<\/div>\r\n\t\t\t\t<div id=\"epkb_search_results\"><\/div>\r\n\r\n\t\t\t<\/form>\r\n\r\n\t\t<\/div>  \t\t\t\t<div id=\"epkb-content-container\" style=\"background-color: #FFFFFF;\" >\r\n\r\n\t\t\t\t\t<!--  Main Page Content -->\r\n\t\t\t\t\t<div class=\"epkb-section-container\">\r\n\t\t\t\t\t\t\r\n\r\n\t\t<div class=\"three-col section_medium_font eckb-categories-list\" >   \r\n\t\t\t\t<!-- Section Container ( Category Box ) -->\r\n\t\t\t\t<section class=\"no_shadow epkb-top-category-box\" style=\"border-radius: 4px; border-width: 0px; border-color: #F7F7F7; background-color: #FFFFFF; border-style: solid;\" >\r\n\r\n\t\t\t\t\t<!-- Section Head -->\r\n\t\t\t\t\t<div class=\"section-head section_divider\" style=\"border-bottom-width: 5px; background-color: #FFFFFF; border-top-left-radius: 4px; border-top-right-radius: 4px; border-bottom-color: #edf2f6; padding-top: 20px; padding-bottom: 20px; padding-left: 4px; padding-right: 4px;\" >\r\n\r\n\t\t\t\t\t\t<!-- Category Name + Icon -->\r\n\t\t\t\t\t\t<div class=\"epkb-category-level-1 \"  style=\"color: #40474f; text-align: left; justify-content: left;\" >\r\n\r\n\t\t\t\t\t\t\t<!-- Icon Top \/ Left -->\t                            \t\t\t\t\t\t\t\t\t<span class=\"epkb-cat-icon epkbfa epkbfa-commenting\" data-kb-category-icon=\"epkbfa-commenting\" style=\"color: #f7941d; font-size: 21px;\"><\/span>\t\t\t\t\t\t\t\t\t<span class=\"epkb-cat-name\" style=\"color: #40474f;\">S\u0131k\u00e7a Sorulan Sorular<\/span>\t\t\t\t\t\t\t\r\n\t\t\t\t\t\t\t<!-- Icon Right -->     \r\n\t\t\t\t\t\t<\/div>\r\n\r\n\t\t\t\t\t\t<!-- Category Description -->\t\t\t\t\t\t\r\n\t\t\t\t\t<\/div>\r\n\r\n\t\t\t\t\t<!-- Section Body -->\r\n\t\t\t\t\t<div class=\"epkb-section-body\" style=\"border-bottom-width: 0px; padding-top: 4px; padding-bottom: 4px; padding-left: 10px; padding-right: 10px;\" >   \t\t\t\r\n\t\t<ul class=\"epkb-main-category epkb-articles eckb-articles-ordering\" style=\"padding-left: ;\"> \t\t\t\t<li class=\"epkb-article-level-1 \"  style=\"padding-bottom: 8px; padding-top: 8px;\" >   \r\n\t\t<a href=\"https:\/\/islamvakti.com\/support\/kb\/bildirimler-ve-arka-plan-servisleri-neden-calismiyor-huawei\/\" class=\"epkb-mp-article\" data-kb-article-id=145>\r\n\t\t\t<span class=\"eckb-article-title article_underline_effect\" style=\"color: #459fed;\" >\r\n\t\t\t\t<i class=\"ep_font_icon_document\" style=\"color: #b3b3b3;\"><\/i>\r\n\t\t\t\t<span>Bildirimler ve Arka plan servisleri neden \u00e7al\u0131\u015fm\u0131yor? (Huawei)<\/span>\r\n\t\t\t<\/span>\r\n\t\t<\/a> \t\t\t\t<\/li> \t\t\t\t<li class=\"epkb-article-level-1 \"  style=\"padding-bottom: 8px; padding-top: 8px;\" >   \r\n\t\t<a href=\"https:\/\/islamvakti.com\/support\/kb\/bildirimler-ve-arka-plan-servisleri-neden-calismiyor-oppo\/\" class=\"epkb-mp-article\" data-kb-article-id=170>\r\n\t\t\t<span class=\"eckb-article-title article_underline_effect\" style=\"color: #459fed;\" >\r\n\t\t\t\t<i class=\"ep_font_icon_document\" style=\"color: #b3b3b3;\"><\/i>\r\n\t\t\t\t<span>Bildirimler ve Arka plan servisleri neden \u00e7al\u0131\u015fm\u0131yor? (Oppo)<\/span>\r\n\t\t\t<\/span>\r\n\t\t<\/a> \t\t\t\t<\/li> \t\t\t\t<li class=\"epkb-article-level-1 \"  style=\"padding-bottom: 8px; padding-top: 8px;\" >   \r\n\t\t<a href=\"https:\/\/islamvakti.com\/support\/kb\/bildirimler-ve-arka-plan-servisleri-neden-calismiyor-samsung\/\" class=\"epkb-mp-article\" data-kb-article-id=142>\r\n\t\t\t<span class=\"eckb-article-title article_underline_effect\" style=\"color: #459fed;\" >\r\n\t\t\t\t<i class=\"ep_font_icon_document\" style=\"color: #b3b3b3;\"><\/i>\r\n\t\t\t\t<span>Bildirimler ve Arka plan servisleri neden \u00e7al\u0131\u015fm\u0131yor? (Samsung)<\/span>\r\n\t\t\t<\/span>\r\n\t\t<\/a> \t\t\t\t<\/li> \t\t\t\t<li class=\"epkb-article-level-1 epkb-hide-elem\"  style=\"padding-bottom: 8px; padding-top: 8px;\" >   \r\n\t\t<a href=\"https:\/\/islamvakti.com\/support\/kb\/bildirimler-ve-arka-plan-servisleri-neden-calismiyor-xiaomi\/\" class=\"epkb-mp-article\" data-kb-article-id=154>\r\n\t\t\t<span class=\"eckb-article-title article_underline_effect\" style=\"color: #459fed;\" >\r\n\t\t\t\t<i class=\"ep_font_icon_document\" style=\"color: #b3b3b3;\"><\/i>\r\n\t\t\t\t<span>Bildirimler ve Arka plan servisleri neden \u00e7al\u0131\u015fm\u0131yor? (Xiaomi)<\/span>\r\n\t\t\t<\/span>\r\n\t\t<\/a> \t\t\t\t<\/li> \t\t\t\t<li class=\"epkb-article-level-1 epkb-hide-elem\"  style=\"padding-bottom: 8px; padding-top: 8px;\" >   \r\n\t\t<a href=\"https:\/\/islamvakti.com\/support\/kb\/dini-bir-uygulamaya-neden-reklam-aliyorsunuz\/\" class=\"epkb-mp-article\" data-kb-article-id=67>\r\n\t\t\t<span class=\"eckb-article-title article_underline_effect\" style=\"color: #459fed;\" >\r\n\t\t\t\t<i class=\"ep_font_icon_document\" style=\"color: #b3b3b3;\"><\/i>\r\n\t\t\t\t<span>Dini bir uygulamaya neden reklam al\u0131yorsunuz?<\/span>\r\n\t\t\t<\/span>\r\n\t\t<\/a> \t\t\t\t<\/li> \t\t\t\t<li class=\"epkb-article-level-1 epkb-hide-elem\"  style=\"padding-bottom: 8px; padding-top: 8px;\" >   \r\n\t\t<a href=\"https:\/\/islamvakti.com\/support\/kb\/etrafimdaki-cami-haritada-neden-gozukmuyor\/\" class=\"epkb-mp-article\" data-kb-article-id=62>\r\n\t\t\t<span class=\"eckb-article-title article_underline_effect\" style=\"color: #459fed;\" >\r\n\t\t\t\t<i class=\"ep_font_icon_document\" style=\"color: #b3b3b3;\"><\/i>\r\n\t\t\t\t<span>Etraf\u0131mdaki cami haritada neden g\u00f6z\u00fckm\u00fcyor?<\/span>\r\n\t\t\t<\/span>\r\n\t\t<\/a> \t\t\t\t<\/li> \t\t\t\t<li class=\"epkb-article-level-1 epkb-hide-elem\"  style=\"padding-bottom: 8px; padding-top: 8px;\" >   \r\n\t\t<a href=\"https:\/\/islamvakti.com\/support\/kb\/ezan-neden-tam-okunmuyor\/\" class=\"epkb-mp-article\" data-kb-article-id=52>\r\n\t\t\t<span class=\"eckb-article-title article_underline_effect\" style=\"color: #459fed;\" >\r\n\t\t\t\t<i class=\"ep_font_icon_document\" style=\"color: #b3b3b3;\"><\/i>\r\n\t\t\t\t<span>Ezan neden tam okunmuyor?<\/span>\r\n\t\t\t<\/span>\r\n\t\t<\/a> \t\t\t\t<\/li> \t\t\t\t<li class=\"epkb-article-level-1 epkb-hide-elem\"  style=\"padding-bottom: 8px; padding-top: 8px;\" >   \r\n\t\t<a href=\"https:\/\/islamvakti.com\/support\/kb\/kible-bul-pusula-neden-calismiyor\/\" class=\"epkb-mp-article\" data-kb-article-id=60>\r\n\t\t\t<span class=\"eckb-article-title article_underline_effect\" style=\"color: #459fed;\" >\r\n\t\t\t\t<i class=\"ep_font_icon_document\" style=\"color: #b3b3b3;\"><\/i>\r\n\t\t\t\t<span>K\u0131ble Bul - Pusula neden \u00e7al\u0131\u015fm\u0131yor?<\/span>\r\n\t\t\t<\/span>\r\n\t\t<\/a> \t\t\t\t<\/li> \t\t\t\t<li class=\"epkb-article-level-1 epkb-hide-elem\"  style=\"padding-bottom: 8px; padding-top: 8px;\" >   \r\n\t\t<a href=\"https:\/\/islamvakti.com\/support\/kb\/namaz-uyarilari-neden-duzgun-calismiyor\/\" class=\"epkb-mp-article\" data-kb-article-id=71>\r\n\t\t\t<span class=\"eckb-article-title article_underline_effect\" style=\"color: #459fed;\" >\r\n\t\t\t\t<i class=\"ep_font_icon_document\" style=\"color: #b3b3b3;\"><\/i>\r\n\t\t\t\t<span>Namaz uyar\u0131lar\u0131 neden d\u00fczg\u00fcn \u00e7al\u0131\u015fm\u0131yor?<\/span>\r\n\t\t\t<\/span>\r\n\t\t<\/a> \t\t\t\t<\/li> \t\t\t\t<li class=\"epkb-article-level-1 epkb-hide-elem\"  style=\"padding-bottom: 8px; padding-top: 8px;\" >   \r\n\t\t<a href=\"https:\/\/islamvakti.com\/support\/kb\/namaz-vakitlerini-nasil-belirliyorsunuz\/\" class=\"epkb-mp-article\" data-kb-article-id=57>\r\n\t\t\t<span class=\"eckb-article-title article_underline_effect\" style=\"color: #459fed;\" >\r\n\t\t\t\t<i class=\"ep_font_icon_document\" style=\"color: #b3b3b3;\"><\/i>\r\n\t\t\t\t<span>Namaz vakitlerini nas\u0131l belirliyorsunuz?<\/span>\r\n\t\t\t<\/span>\r\n\t\t<\/a> \t\t\t\t<\/li> \t\t\t\t<li class=\"epkb-article-level-1 epkb-hide-elem\"  style=\"padding-bottom: 8px; padding-top: 8px;\" >   \r\n\t\t<a href=\"https:\/\/islamvakti.com\/support\/kb\/uygunsuz-icerikli-reklamlar-neden-cikiyor\/\" class=\"epkb-mp-article\" data-kb-article-id=49>\r\n\t\t\t<span class=\"eckb-article-title article_underline_effect\" style=\"color: #459fed;\" >\r\n\t\t\t\t<i class=\"ep_font_icon_document\" style=\"color: #b3b3b3;\"><\/i>\r\n\t\t\t\t<span>Neden uygunsuz reklam i\u00e7erikleri g\u00f6z\u00fck\u00fcyor?<\/span>\r\n\t\t\t<\/span>\r\n\t\t<\/a> \t\t\t\t<\/li> \t\t\t\t<li class=\"epkb-article-level-1 epkb-hide-elem\"  style=\"padding-bottom: 8px; padding-top: 8px;\" >   \r\n\t\t<a href=\"https:\/\/islamvakti.com\/support\/kb\/reklam-gormek-istemiyorum-ne-yapabilirim\/\" class=\"epkb-mp-article\" data-kb-article-id=55>\r\n\t\t\t<span class=\"eckb-article-title article_underline_effect\" style=\"color: #459fed;\" >\r\n\t\t\t\t<i class=\"ep_font_icon_document\" style=\"color: #b3b3b3;\"><\/i>\r\n\t\t\t\t<span>Reklam g\u00f6rmek istemiyorum, ne yapabilirim?<\/span>\r\n\t\t\t<\/span>\r\n\t\t<\/a> \t\t\t\t<\/li> \t\t\t\t<li class=\"epkb-article-level-1 epkb-hide-elem\"  style=\"padding-bottom: 8px; padding-top: 8px;\" >   \r\n\t\t<a href=\"https:\/\/islamvakti.com\/support\/kb\/uygulamaya-yeni-bir-ozellik-onermek-istiyorum-onerimi-nasil-iletebilirim\/\" class=\"epkb-mp-article\" data-kb-article-id=64>\r\n\t\t\t<span class=\"eckb-article-title article_underline_effect\" style=\"color: #459fed;\" >\r\n\t\t\t\t<i class=\"ep_font_icon_document\" style=\"color: #b3b3b3;\"><\/i>\r\n\t\t\t\t<span>Uygulamaya yeni bir \u00f6zellik \u00f6nermek istiyorum, \u00f6nerimi nas\u0131l iletebilirim?<\/span>\r\n\t\t\t<\/span>\r\n\t\t<\/a> \t\t\t\t<\/li> \t\t\t\t<li class=\"epkb-article-level-1 epkb-hide-elem\"  style=\"padding-bottom: 8px; padding-top: 8px;\" >   \r\n\t\t<a href=\"https:\/\/islamvakti.com\/support\/kb\/widget-icerisindeki-sayac-neden-yeni-widgetta-yok\/\" class=\"epkb-mp-article\" data-kb-article-id=69>\r\n\t\t\t<span class=\"eckb-article-title article_underline_effect\" style=\"color: #459fed;\" >\r\n\t\t\t\t<i class=\"ep_font_icon_document\" style=\"color: #b3b3b3;\"><\/i>\r\n\t\t\t\t<span>Widget i\u00e7erisindeki saya\u00e7 neden yeni widget\u2019ta yok?<\/span>\r\n\t\t\t<\/span>\r\n\t\t<\/a> \t\t\t\t<\/li> \t\t\t\t<span class=\"epkb-show-all-articles\">\r\n\t\t\t\t\t<span class=\"epkb-show-text\">\r\n\t\t\t\t\t\tT\u00fcm\u00fcn\u00fc g\u00f6ster ( 11 )\r\n\t\t\t\t\t<\/span>\r\n\t\t\t\t<span class=\"epkb-hide-text epkb-hide-elem\">Makaleleri daralt<\/span> \r\n\t\t<\/ul> \r\n\t\t\t\t\t<\/div><!-- Section Body End -->\r\n\r\n\t\t\t\t<\/section><!-- Section End -->  \r\n\t\t\t\t<!-- Section Container ( Category Box ) -->\r\n\t\t\t\t<section class=\"no_shadow epkb-top-category-box\" style=\"border-radius: 4px; border-width: 0px; border-color: #F7F7F7; background-color: #FFFFFF; border-style: solid;\" >\r\n\r\n\t\t\t\t\t<!-- Section Head -->\r\n\t\t\t\t\t<div class=\"section-head section_divider\" style=\"border-bottom-width: 5px; background-color: #FFFFFF; border-top-left-radius: 4px; border-top-right-radius: 4px; border-bottom-color: #edf2f6; padding-top: 20px; padding-bottom: 20px; padding-left: 4px; padding-right: 4px;\" >\r\n\r\n\t\t\t\t\t\t<!-- Category Name + Icon -->\r\n\t\t\t\t\t\t<div class=\"epkb-category-level-1 \"  style=\"color: #40474f; text-align: left; justify-content: left;\" >\r\n\r\n\t\t\t\t\t\t\t<!-- Icon Top \/ Left -->\t                            \t\t\t\t\t\t\t\t\t<span class=\"epkb-cat-icon epkbfa epkbfa-info-circle\" data-kb-category-icon=\"epkbfa-info-circle\" style=\"color: #f7941d; font-size: 21px;\"><\/span>\t\t\t\t\t\t\t\t\t<span class=\"epkb-cat-name\" style=\"color: #40474f;\">Genel Kullan\u0131m ve Ayarlar<\/span>\t\t\t\t\t\t\t\r\n\t\t\t\t\t\t\t<!-- Icon Right -->     \r\n\t\t\t\t\t\t<\/div>\r\n\r\n\t\t\t\t\t\t<!-- Category Description -->\t\t\t\t\t\t\r\n\t\t\t\t\t<\/div>\r\n\r\n\t\t\t\t\t<!-- Section Body -->\r\n\t\t\t\t\t<div class=\"epkb-section-body\" style=\"border-bottom-width: 0px; padding-top: 4px; padding-bottom: 4px; padding-left: 10px; padding-right: 10px;\" >   \t\t\t\r\n\t\t<ul class=\"epkb-main-category epkb-articles eckb-articles-ordering\" style=\"padding-left: ;\"> \t\t\t\t<li class=\"epkb-article-level-1 \"  style=\"padding-bottom: 8px; padding-top: 8px;\" >   \r\n\t\t<a href=\"https:\/\/islamvakti.com\/support\/kb\/hatirlatici-nasil-calisir\/\" class=\"epkb-mp-article\" data-kb-article-id=79>\r\n\t\t\t<span class=\"eckb-article-title article_underline_effect\" style=\"color: #459fed;\" >\r\n\t\t\t\t<i class=\"ep_font_icon_document\" style=\"color: #b3b3b3;\"><\/i>\r\n\t\t\t\t<span>Hat\u0131rlat\u0131c\u0131 nas\u0131l \u00e7al\u0131\u015f\u0131r?<\/span>\r\n\t\t\t<\/span>\r\n\t\t<\/a> \t\t\t\t<\/li> \t\t\t\t<li class=\"epkb-article-level-1 \"  style=\"padding-bottom: 8px; padding-top: 8px;\" >   \r\n\t\t<a href=\"https:\/\/islamvakti.com\/support\/kb\/islam-vakti-pro-versiyonunu-nasil-satin-alabilirim\/\" class=\"epkb-mp-article\" data-kb-article-id=82>\r\n\t\t\t<span class=\"eckb-article-title article_underline_effect\" style=\"color: #459fed;\" >\r\n\t\t\t\t<i class=\"ep_font_icon_document\" style=\"color: #b3b3b3;\"><\/i>\r\n\t\t\t\t<span>\u0130slam Vakti Pro versiyonunu nas\u0131l sat\u0131n alabilirim?<\/span>\r\n\t\t\t<\/span>\r\n\t\t<\/a> \t\t\t\t<\/li> \t\t\t\t<li class=\"epkb-article-level-1 \"  style=\"padding-bottom: 8px; padding-top: 8px;\" >   \r\n\t\t<a href=\"https:\/\/islamvakti.com\/support\/kb\/islam-vakti-siriye-nasil-eklenir\/\" class=\"epkb-mp-article\" data-kb-article-id=84>\r\n\t\t\t<span class=\"eckb-article-title article_underline_effect\" style=\"color: #459fed;\" >\r\n\t\t\t\t<i class=\"ep_font_icon_document\" style=\"color: #b3b3b3;\"><\/i>\r\n\t\t\t\t<span>\u0130slam Vakti Siri\u2019ye nas\u0131l eklenir?<\/span>\r\n\t\t\t<\/span>\r\n\t\t<\/a> \t\t\t\t<\/li> \t\t\t\t<li class=\"epkb-article-level-1 epkb-hide-elem\"  style=\"padding-bottom: 8px; padding-top: 8px;\" >   \r\n\t\t<a href=\"https:\/\/islamvakti.com\/support\/kb\/kaza-takibi-nasil-yapilir\/\" class=\"epkb-mp-article\" data-kb-article-id=90>\r\n\t\t\t<span class=\"eckb-article-title article_underline_effect\" style=\"color: #459fed;\" >\r\n\t\t\t\t<i class=\"ep_font_icon_document\" style=\"color: #b3b3b3;\"><\/i>\r\n\t\t\t\t<span>Kaza takibi nas\u0131l yap\u0131l\u0131r?<\/span>\r\n\t\t\t<\/span>\r\n\t\t<\/a> \t\t\t\t<\/li> \t\t\t\t<li class=\"epkb-article-level-1 epkb-hide-elem\"  style=\"padding-bottom: 8px; padding-top: 8px;\" >   \r\n\t\t<a href=\"https:\/\/islamvakti.com\/support\/kb\/kuran-i-kerim-ezber-nasil-calisir\/\" class=\"epkb-mp-article\" data-kb-article-id=102>\r\n\t\t\t<span class=\"eckb-article-title article_underline_effect\" style=\"color: #459fed;\" >\r\n\t\t\t\t<i class=\"ep_font_icon_document\" style=\"color: #b3b3b3;\"><\/i>\r\n\t\t\t\t<span>Kuran-\u0131 Kerim Ezber nas\u0131l \u00e7al\u0131\u015f\u0131r?<\/span>\r\n\t\t\t<\/span>\r\n\t\t<\/a> \t\t\t\t<\/li> \t\t\t\t<li class=\"epkb-article-level-1 epkb-hide-elem\"  style=\"padding-bottom: 8px; padding-top: 8px;\" >   \r\n\t\t<a href=\"https:\/\/islamvakti.com\/support\/kb\/nasil-sehir-secilir\/\" class=\"epkb-mp-article\" data-kb-article-id=73>\r\n\t\t\t<span class=\"eckb-article-title article_underline_effect\" style=\"color: #459fed;\" >\r\n\t\t\t\t<i class=\"ep_font_icon_document\" style=\"color: #b3b3b3;\"><\/i>\r\n\t\t\t\t<span>Nas\u0131l \u015fehir se\u00e7ilir?<\/span>\r\n\t\t\t<\/span>\r\n\t\t<\/a> \t\t\t\t<\/li> \t\t\t\t<li class=\"epkb-article-level-1 epkb-hide-elem\"  style=\"padding-bottom: 8px; padding-top: 8px;\" >   \r\n\t\t<a href=\"https:\/\/islamvakti.com\/support\/kb\/uygulamadaki-icerikler-sosyal-medyada-nasil-paylasilir\/\" class=\"epkb-mp-article\" data-kb-article-id=108>\r\n\t\t\t<span class=\"eckb-article-title article_underline_effect\" style=\"color: #459fed;\" >\r\n\t\t\t\t<i class=\"ep_font_icon_document\" style=\"color: #b3b3b3;\"><\/i>\r\n\t\t\t\t<span>Uygulamadaki i\u00e7erikler sosyal medyada nas\u0131l payla\u015f\u0131l\u0131r?<\/span>\r\n\t\t\t<\/span>\r\n\t\t<\/a> \t\t\t\t<\/li> \t\t\t\t<li class=\"epkb-article-level-1 epkb-hide-elem\"  style=\"padding-bottom: 8px; padding-top: 8px;\" >   \r\n\t\t<a href=\"https:\/\/islamvakti.com\/support\/kb\/widget-nasil-eklenir\/\" class=\"epkb-mp-article\" data-kb-article-id=97>\r\n\t\t\t<span class=\"eckb-article-title article_underline_effect\" style=\"color: #459fed;\" >\r\n\t\t\t\t<i class=\"ep_font_icon_document\" style=\"color: #b3b3b3;\"><\/i>\r\n\t\t\t\t<span>Widget nas\u0131l eklenir?<\/span>\r\n\t\t\t<\/span>\r\n\t\t<\/a> \t\t\t\t<\/li> \t\t\t\t<li class=\"epkb-article-level-1 epkb-hide-elem\"  style=\"padding-bottom: 8px; padding-top: 8px;\" >   \r\n\t\t<a href=\"https:\/\/islamvakti.com\/support\/kb\/zikirmatik-nasil-calisir\/\" class=\"epkb-mp-article\" data-kb-article-id=87>\r\n\t\t\t<span class=\"eckb-article-title article_underline_effect\" style=\"color: #459fed;\" >\r\n\t\t\t\t<i class=\"ep_font_icon_document\" style=\"color: #b3b3b3;\"><\/i>\r\n\t\t\t\t<span>Zikirmatik nas\u0131l \u00e7al\u0131\u015f\u0131r?<\/span>\r\n\t\t\t<\/span>\r\n\t\t<\/a> \t\t\t\t<\/li> \t\t\t\t<span class=\"epkb-show-all-articles\">\r\n\t\t\t\t\t<span class=\"epkb-show-text\">\r\n\t\t\t\t\t\tT\u00fcm\u00fcn\u00fc g\u00f6ster ( 6 )\r\n\t\t\t\t\t<\/span>\r\n\t\t\t\t<span class=\"epkb-hide-text epkb-hide-elem\">Makaleleri daralt<\/span> \r\n\t\t<\/ul> \r\n\t\t\t\t\t<\/div><!-- Section Body End -->\r\n\r\n\t\t\t\t<\/section><!-- Section End -->  \r\n\t\t\t<\/div>       \t\t\t\t\t<\/div>\r\n\r\n\t\t\t\t<\/div>\r\n\t\t\t<\/div>\r\n\t\t<\/div>   \n","protected":false},"excerpt":{"rendered":"","protected":false},"author":1,"featured_media":0,"parent":0,"menu_order":0,"comment_status":"closed","ping_status":"closed","template":"","meta":{"footnotes":""},"_links":{"self":[{"href":"https:\/\/islamvakti.com\/support\/wp-json\/wp\/v2\/pages\/18"}],"collection":[{"href":"https:\/\/islamvakti.com\/support\/wp-json\/wp\/v2\/pages"}],"about":[{"href":"https:\/\/islamvakti.com\/support\/wp-json\/wp\/v2\/types\/page"}],"author":[{"embeddable":true,"href":"https:\/\/islamvakti.com\/support\/wp-json\/wp\/v2\/users\/1"}],"replies":[{"embeddable":true,"href":"https:\/\/islamvakti.com\/support\/wp-json\/wp\/v2\/comments?post=18"}],"version-history":[{"count":1,"href":"https:\/\/islamvakti.com\/support\/wp-json\/wp\/v2\/pages\/18\/revisions"}],"predecessor-version":[{"id":19,"href":"https:\/\/islamvakti.com\/support\/wp-json\/wp\/v2\/pages\/18\/revisions\/19"}],"wp:attachment":[{"href":"https:\/\/islamvakti.com\/support\/wp-json\/wp\/v2\/media?parent=18"}],"curies":[{"name":"wp","href":"https:\/\/api.w.org\/{rel}","templated":true}]}}